{"id":7,"date":"2020-04-16T21:55:25","date_gmt":"2020-04-16T19:55:25","guid":{"rendered":"https:\/\/www.zone-annonces.net\/blog\/?page_id=7"},"modified":"2020-04-16T21:55:25","modified_gmt":"2020-04-16T19:55:25","slug":"a-propos-de","status":"publish","type":"page","link":"https:\/\/www.zone-annonces.net\/blog\/a-propos-de\/","title":{"rendered":"\u00c0 propos de"},"content":{"rendered":"\n<p>Vous pourriez \u00eatre un artiste et vouloir pr\u00e9senter vos travaux et vous m\u00eame ou encore \u00eatre une entreprise avec une mission \u00e0 promouvoir.<\/p>\n","protected":false},"excerpt":{"rendered":"<p>Vous pourriez \u00eatre un artiste et vouloir pr\u00e9senter vos travaux et vous m\u00eame ou encore \u00eatre une entreprise avec une mission \u00e0 promouvoir.<\/p>\n","protected":false},"author":1,"featured_media":0,"parent":0,"menu_order":0,"comment_status":"closed","ping_status":"closed","template":"","meta":[],"_links":{"self":[{"href":"https:\/\/www.zone-annonces.net\/blog\/wp-json\/wp\/v2\/pages\/7"}],"collection":[{"href":"https:\/\/www.zone-annonces.net\/blog\/wp-json\/wp\/v2\/pages"}],"about":[{"href":"https:\/\/www.zone-annonces.net\/blog\/wp-json\/wp\/v2\/types\/page"}],"author":[{"embeddable":true,"href":"https:\/\/www.zone-annonces.net\/blog\/wp-json\/wp\/v2\/users\/1"}],"replies":[{"embeddable":true,"href":"https:\/\/www.zone-annonces.net\/blog\/wp-json\/wp\/v2\/comments?post=7"}],"version-history":[{"count":0,"href":"https:\/\/www.zone-annonces.net\/blog\/wp-json\/wp\/v2\/pages\/7\/revisions"}],"wp:attachment":[{"href":"https:\/\/www.zone-annonces.net\/blog\/wp-json\/wp\/v2\/media?parent=7"}],"curies":[{"name":"wp","href":"https:\/\/api.w.org\/{rel}","templated":true}]}}